{"id":1193,"date":"2025-07-16T06:59:29","date_gmt":"2025-07-16T06:59:29","guid":{"rendered":"https:\/\/circuloars.com.mx\/?page_id=1193"},"modified":"2025-07-22T01:57:26","modified_gmt":"2025-07-22T01:57:26","slug":"stands-ars","status":"publish","type":"page","link":"https:\/\/circuloars.com.mx\/index.php\/stands-ars\/","title":{"rendered":"Stand Custom"},"content":{"rendered":"<div class=\"wpb-content-wrapper\"><p>[vc_row full_height=&#8221;s\u00ed&#8221; columns_placement=&#8221;arriba&#8221;][vc_column]\n\t\t\t\t<p class=\"rs-p-wp-fix\"><\/p>\n\t\t\t\t<sr7-module data-alias=\"slider-1\" data-id=\"2\" id=\"SR7_2_1\" class=\"rs-ov-hidden\" data-version=\"6.7.31\">\n\t\t\t\t\t<sr7-adjuster><\/sr7-adjuster>\n\t\t\t\t\t<sr7-content>\n\t\t\t\t\t\t<sr7-slide id=\"SR7_2_1-3\" data-key=\"3\">\n\t\t\t\t\t\t\t<sr7-txt id=\"SR7_2_1-3-0\" class=\"sr7-layer\">STAND<\/sr7-txt>\n\t\t\t\t\t\t\t<sr7-txt id=\"SR7_2_1-3-1\" class=\"sr7-layer\">CUSTOM<\/sr7-txt>\n\t\t\t\t\t\t<\/sr7-slide>\n\t\t\t\t\t\t<sr7-slide id=\"SR7_2_1-4\" data-key=\"4\">\n\t\t\t\t\t\t<\/sr7-slide>\n\t\t\t\t\t<\/sr7-content>\n\t\t\t\t<\/sr7-module>\n\t\t\t\t<script>\n\t\t\t\t\tSR7.PMH ??={}; SR7.PMH[\"SR7_2_1\"] = {cn:100,state:false,fn: function() { if (_tpt!==undefined && _tpt.prepareModuleHeight !== undefined) {  _tpt.prepareModuleHeight({id:\"SR7_2_1\",el:[900,900,768,960,720],type:'hero',shdw:'0',gh:[900,900,743,565,349],gw:[1240,1240,1024,778,480],vpt:['-100px'],size:{fullWidth:true, fullHeight:true},fho:'',mh:'0',onh:0,onw:0,bg:{color:'{\"orig\":\"transparent\",\"type\":\"solid\",\"string\":\"transparent\"}'}});   SR7.PMH[\"SR7_2_1\"].state=true;} else if(SR7.PMH[\"SR7_2_1\"].cn-->0)\tsetTimeout( SR7.PMH[\"SR7_2_1\"].fn,19);}};SR7.PMH[\"SR7_2_1\" ].fn();\n\t\t\t\t<\/script>\n[\/vc_column][\/vc_row][vc_row full_width=&#8221;stretch_row_content_no_spaces&#8221; bg_type=&#8221;bg_color&#8221; bg_color_value=&#8221;#000C69&#8243;][vc_column][vc_column_text css=&#8221;&#8221;]<\/p>\n<h2 style=\"text-align: center; color: #ffffff;\">Sistema Custom<\/h2>\n<p>[\/vc_column_text][\/vc_column][\/vc_row][vc_row bg_type=&#8221;imagen&#8221;][vc_column width=&#8221;1\/2&#8243;][vc_single_image image=&#8221;1226&#8243; img_size=&#8221;FULL&#8221; alignment=&#8221;center&#8221; css=&#8221;&#8221;][\/vc_column][vc_column width=&#8221;1\/2&#8243;][vc_column_text css=&#8221;&#8221;]<\/p>\n<h4 style=\"text-align: justify; color: #000000;\" data-start=\"274\" data-end=\"623\">Este sistema es ideal para clientes que desean proyectar una imagen empresarial s\u00f3lida, profesional y completamente personalizada. Los <strong data-start=\"409\" data-end=\"426\">stands custom<\/strong> se dise\u00f1an a medida, como un traje exclusivo que responde a las necesidades, preferencias y objetivos de cada marca, logrando una presencia impactante y diferenciadora en cualquier evento o feria.<\/h4>\n<p>[\/vc_column_text][\/vc_column][\/vc_row][vc_row][vc_column][vc_column_text css=&#8221;&#8221;]<\/p>\n<h4 style=\"text-align: justify; color: #000000;\">Una de las principales ventajas del stand custom es la <strong data-start=\"943\" data-end=\"983\">versatilidad en el uso de materiales<\/strong>: no hay l\u00edmites, solo creatividad. Algunos de los materiales m\u00e1s utilizados son: <strong>triplay de pino, MDF, policarbonato, acr\u00edlicos, barnices, lacas, chapas de madera, aluminio, pisos met\u00e1licos y m\u00e1s<\/strong>. Todo esto se complementa con una <strong data-start=\"1229\" data-end=\"1268\">iluminaci\u00f3n cuidadosamente planeada<\/strong>, que resalta cada detalle del dise\u00f1o y marca una gran diferencia visual.<\/h4>\n<p>[\/vc_column_text][\/vc_column][\/vc_row][vc_row][vc_column][vc_column_text css=&#8221;&#8221;]<\/p>\n<h2 style=\"text-align: center; color: #000000;\">Caracter\u00edsticas<\/h2>\n<p>[\/vc_column_text][\/vc_column][\/vc_row][vc_row][vc_column width=&#8221;1\/3&#8243;][vc_single_image image=&#8221;1266&#8243; alignment=&#8221;center&#8221; css=&#8221;&#8221;][vc_column_text css=&#8221;&#8221;]<\/p>\n<h5 style=\"text-align: center; color: #000000;\">Dise\u00f1os Exclusivos<\/h5>\n<p>[\/vc_column_text][\/vc_column][vc_column width=&#8221;1\/3&#8243;][vc_single_image image=&#8221;1280&#8243; alignment=&#8221;center&#8221; css=&#8221;&#8221;][vc_column_text css=&#8221;&#8221;]<\/p>\n<h5 style=\"text-align: center; color: #000000;\">Creatividad<\/h5>\n<p>[\/vc_column_text][\/vc_column][vc_column width=&#8221;1\/3&#8243;][vc_single_image image=&#8221;1279&#8243; alignment=&#8221;center&#8221; css=&#8221;&#8221;][vc_column_text css=&#8221;&#8221;]<\/p>\n<h5 style=\"text-align: center; color: #000000;\">Funcionalidad<\/h5>\n<p>[\/vc_column_text][\/vc_column][\/vc_row][vc_row][vc_column width=&#8221;1\/3&#8243;][vc_single_image image=&#8221;1312&#8243; alignment=&#8221;center&#8221; css=&#8221;&#8221;][vc_column_text css=&#8221;&#8221;]<\/p>\n<h5 style=\"text-align: center; color: #000000;\">Stands Personalizados<\/h5>\n<p>[\/vc_column_text][\/vc_column][vc_column width=&#8221;1\/3&#8243;][vc_single_image image=&#8221;1276&#8243; alignment=&#8221;center&#8221; css=&#8221;&#8221;][vc_column_text css=&#8221;&#8221;]<\/p>\n<h5 style=\"text-align: center; color: #000000;\">Iluminaci\u00f3n estrat\u00e9gica<\/h5>\n<p>[\/vc_column_text][\/vc_column][vc_column width=&#8221;1\/3&#8243;][vc_single_image image=&#8221;1275&#8243; alignment=&#8221;center&#8221; css=&#8221;&#8221;][vc_column_text css=&#8221;&#8221;]<\/p>\n<h5 style=\"text-align: center; color: #000000;\">Tecnol\u00f3gica avanzada<\/h5>\n<p>[\/vc_column_text][\/vc_column][\/vc_row][vc_row][vc_column][vc_empty_space][vc_column_text css=&#8221;&#8221;]<\/p>\n<h2 style=\"text-align: center; color: #000c69;\"><strong>En C\u00edrculo Ars<\/strong><\/h2>\n<h3 style=\"text-align: center; color: #000c69;\"><strong> &#8220;Transformamos negocios y hacemos realidad tus ideas&#8221;<\/strong><\/h3>\n<p>[\/vc_column_text][\/vc_column][\/vc_row][vc_row full_width=&#8221;stretch_row_content_no_spaces&#8221; bg_type=&#8221;image&#8221; parallax_style=&#8221;vcpb-animated&#8221; bg_image_new=&#8221;id^1303|url^https:\/\/circuloars.com.mx\/wp-content\/uploads\/2025\/07\/fondo_logos_circulo_ars_02.png|caption^null|alt^null|title^fondo_logos_circulo_ars_02|description^null&#8221;][vc_column][vc_column_text css=&#8221;&#8221;]<\/p>\n<p style=\"text-align: center;\"><video controls=\"controls\" width=\"800\" height=\"450\"><span data-mce-type=\"bookmark\" style=\"display: inline-block; width: 0px; overflow: hidden; line-height: 0;\" class=\"mce_SELRES_start\">\ufeff<\/span><span data-mce-type=\"bookmark\" style=\"display: inline-block; width: 0px; overflow: hidden; line-height: 0;\" class=\"mce_SELRES_start\">\ufeff<\/span><source src=\"https:\/\/circuloars.com.mx\/wp-content\/uploads\/2025\/07\/Video-Catalogo-Stands-Custom.mp4\" type=\"video\/mp4\" \/><\/video><\/p>\n<p>[\/vc_column_text][\/vc_column][\/vc_row][vc_row][vc_column][vc_column_text css=&#8221;&#8221;]<\/p>\n<h2 style=\"text-align: center; color: #000c69;\">Cont\u00e1ctanos<\/h2>\n<h3 style=\"text-align: center; color: #000c69;\"><strong data-start=\"143\" data-end=\"212\">\u00bfEst\u00e1s interesado en un Stand Custom para tu evento?<\/strong><\/h3>\n<p>[\/vc_column_text][\/vc_column][\/vc_row][vc_row][vc_column][vc_column_text css=&#8221;&#8221;]<\/p>\n<h5 style=\"text-align: justify; color: #000000;\">Llena el siguiente formulario y con gusto te enviaremos toda la informaci\u00f3n que necesitas. Podemos ayudarte a crear un stand \u00fanico, atractivo y funcional que se adapte a tu marca y objetivos.<br data-start=\"408\" data-end=\"411\" \/>\ud83d\udce9 \u00a1Nos pondremos en contacto contigo lo antes posible!<\/h5>\n<p>[\/vc_column_text][\/vc_column][\/vc_row][vc_row full_width=&#8221;stretch_row&#8221; bg_type=&#8221;bg_color&#8221; bg_color_value=&#8221;#000C69&#8243;][vc_column width=&#8221;1\/2&#8243;][vc_single_image image=&#8221;1331&#8243; img_size=&#8221;full&#8221; alignment=&#8221;center&#8221; css=&#8221;&#8221;][\/vc_column][vc_column width=&#8221;1\/2&#8243;]\n<div class=\"wpcf7 no-js\" id=\"wpcf7-f15-o1\" lang=\"es-MX\" dir=\"ltr\" data-wpcf7-id=\"15\">\n<div class=\"screen-reader-response\"><p role=\"status\" aria-live=\"polite\" aria-atomic=\"true\"><\/p> <ul><\/ul><\/div>\n<form action=\"\/index.php\/wp-json\/wp\/v2\/pages\/1193#wpcf7-f15-o1\" method=\"post\" class=\"wpcf7-form init\" aria-label=\"Formulario de contacto\" novalidate=\"novalidate\" data-status=\"init\">\n<div style=\"display: none;\">\n<input type=\"hidden\" name=\"_wpcf7\" value=\"15\" \/>\n<input type=\"hidden\" name=\"_wpcf7_version\" value=\"6.0.5\" \/>\n<input type=\"hidden\" name=\"_wpcf7_locale\" value=\"es_MX\" \/>\n<input type=\"hidden\" name=\"_wpcf7_unit_tag\" value=\"wpcf7-f15-o1\" \/>\n<input type=\"hidden\" name=\"_wpcf7_container_post\" value=\"0\" \/>\n<input type=\"hidden\" name=\"_wpcf7_posted_data_hash\" value=\"\" \/>\n<\/div>\n<p><label> Tu nombre<br \/>\n<span class=\"wpcf7-form-control-wrap\" data-name=\"your-name\"><input size=\"40\" maxlength=\"400\" class=\"wpcf7-form-control wpcf7-text wpcf7-validates-as-required\" autocomplete=\"name\" aria-required=\"true\" aria-invalid=\"false\" value=\"\" type=\"text\" name=\"your-name\" \/><\/span> <\/label>\n<\/p>\n<p><label> Tu correo electr\u00f3nico<br \/>\n<span class=\"wpcf7-form-control-wrap\" data-name=\"your-email\"><input size=\"40\" maxlength=\"400\" class=\"wpcf7-form-control wpcf7-email wpcf7-validates-as-required wpcf7-text wpcf7-validates-as-email\" autocomplete=\"email\" aria-required=\"true\" aria-invalid=\"false\" value=\"\" type=\"email\" name=\"your-email\" \/><\/span> <\/label>\n<\/p>\n<p><label> Asunto<br \/>\n<span class=\"wpcf7-form-control-wrap\" data-name=\"your-subject\"><input size=\"40\" maxlength=\"400\" class=\"wpcf7-form-control wpcf7-text wpcf7-validates-as-required\" aria-required=\"true\" aria-invalid=\"false\" value=\"\" type=\"text\" name=\"your-subject\" \/><\/span> <\/label>\n<\/p>\n<p><label> Tu mensaje (opcional)<br \/>\n<span class=\"wpcf7-form-control-wrap\" data-name=\"your-message\"><textarea cols=\"40\" rows=\"10\" maxlength=\"2000\" class=\"wpcf7-form-control wpcf7-textarea\" aria-invalid=\"false\" name=\"your-message\"><\/textarea><\/span> <\/label>\n<\/p>\n<p><input class=\"wpcf7-form-control wpcf7-submit has-spinner\" type=\"submit\" value=\"Enviar\" \/>\n<\/p><script type='text\/javascript'>\n\n\t\t\t\t\t\tif(contactform === undefined){\n\t\t\t\t\t\t\tvar contactform = [];\n\t\t\t\t\t\t}\n\t\t\t\t\t\tvar innerVal = [15,'mail_sent_ok','Gracias por tu mensaje. El mensaje ha sido enviado.'];\n\t\t\t\t\t\tcontactform.push(innerVal);\n\t\t\t\t\t\tvar innerVal = [15,'mail_sent_ng','Hubo un error al intentar enviar su mensaje. Por favor int&eacute;ntelo m&aacute;s tarde.'];\n\t\t\t\t\t\tcontactform.push(innerVal);\n\t\t\t\t\t\tvar innerVal = [15,'validation_error','Uno o m&aacute;s campos tienen un error. Por favor rev&iacute;selo y reint&eacute;ntelo.'];\n\t\t\t\t\t\tcontactform.push(innerVal);\n\t\t\t\t\t\tvar innerVal = [15,'spam','Hubo un error al intentar enviar su mensaje. Por favor int&eacute;ntelo m&aacute;s tarde.'];\n\t\t\t\t\t\tcontactform.push(innerVal);\n\t\t\t\t\t\tvar innerVal = [15,'accept_terms','Debe aceptar los t&eacute;rminos y condiciones antes de enviar su mensaje.'];\n\t\t\t\t\t\tcontactform.push(innerVal);\n\t\t\t\t\t\tvar innerVal = [15,'invalid_required','Por favor, rellena este campo.'];\n\t\t\t\t\t\tcontactform.push(innerVal);\n\t\t\t\t\t\tvar innerVal = [15,'invalid_too_long','Este campo tiene una entrada demasiado larga.'];\n\t\t\t\t\t\tcontactform.push(innerVal);\n\t\t\t\t\t\tvar innerVal = [15,'invalid_too_short','Este campo tiene una entrada demasiado corta.'];\n\t\t\t\t\t\tcontactform.push(innerVal);\n\t\t\t\t\t\tvar innerVal = [15,'upload_failed','Sucedi&oacute; un error desconocido al subir el archivo.'];\n\t\t\t\t\t\tcontactform.push(innerVal);\n\t\t\t\t\t\tvar innerVal = [15,'upload_file_type_invalid','No se le permite subir archivos de este tipo.'];\n\t\t\t\t\t\tcontactform.push(innerVal);\n\t\t\t\t\t\tvar innerVal = [15,'upload_file_too_large','El archivo subido es demasiado grande.'];\n\t\t\t\t\t\tcontactform.push(innerVal);\n\t\t\t\t\t\tvar innerVal = [15,'upload_failed_php_error','Ocurri&oacute; un error al subir el archivo.'];\n\t\t\t\t\t\tcontactform.push(innerVal);\n\t\t\t\t\t\tvar innerVal = [15,'gdpr',''];\n\t\t\t\t\t\tcontactform.push(innerVal);\n\t\t\t\t\t\t<\/script><div class=\"wpcf7-response-output\" aria-hidden=\"true\"><\/div>\n<\/form>\n<\/div>\n<style><\/style>[\/vc_column][\/vc_row]<\/p>\n<\/div>","protected":false},"excerpt":{"rendered":"<p>[vc_row full_height=&#8221;s\u00ed&#8221; columns_placement=&#8221;arriba&#8221;][vc_column][\/vc_column][\/vc_row][vc_row full_width=&#8221;stretch_row_content_no_spaces&#8221; bg_type=&#8221;bg_color&#8221; bg_color_value=&#8221;#000C69&#8243;][vc_column][vc_column_text css=&#8221;&#8221;] Sistema Custom [\/vc_column_text][\/vc_column][\/vc_row][vc_row bg_type=&#8221;imagen&#8221;][vc_column width=&#8221;1\/2&#8243;][vc_single_image image=&#8221;1226&#8243; img_size=&#8221;FULL&#8221; alignment=&#8221;center&#8221; css=&#8221;&#8221;][\/vc_column][vc_column width=&#8221;1\/2&#8243;][vc_column_text css=&#8221;&#8221;] Este sistema es ideal para clientes que desean proyectar una imagen empresarial s\u00f3lida, profesional y completamente personalizada. Los stands custom se dise\u00f1an a medida, como un traje exclusivo que responde a las necesidades, preferencias y objetivos de [&hellip;]<\/p>\n","protected":false},"author":1,"featured_media":0,"parent":0,"menu_order":0,"comment_status":"closed","ping_status":"closed","template":"","meta":{"footnotes":""},"class_list":["post-1193","page","type-page","status-publish","hentry"],"blocksy_meta":[],"yoast_head":"<!-- This site is optimized with the Yoast SEO Premium plugin v24.8 (Yoast SEO v24.8.1) - https:\/\/yoast.com\/wordpress\/plugins\/seo\/ -->\n<title>Stand Custom -<\/title>\n<meta name=\"robots\" content=\"index, follow, max-snippet:-1, max-image-preview:large, max-video-preview:-1\" \/>\n<link rel=\"canonical\" href=\"https:\/\/circuloars.com.mx\/index.php\/stands-ars\/\" \/>\n<meta property=\"og:locale\" content=\"es_MX\" \/>\n<meta property=\"og:type\" content=\"article\" \/>\n<meta property=\"og:title\" content=\"Stand Custom\" \/>\n<meta property=\"og:description\" content=\"[vc_row full_height=&#8221;s\u00ed&#8221; columns_placement=&#8221;arriba&#8221;][vc_column][\/vc_column][\/vc_row][vc_row full_width=&#8221;stretch_row_content_no_spaces&#8221; bg_type=&#8221;bg_color&#8221; bg_color_value=&#8221;#000C69&#8243;][vc_column][vc_column_text css=&#8221;&#8221;] Sistema Custom [\/vc_column_text][\/vc_column][\/vc_row][vc_row bg_type=&#8221;imagen&#8221;][vc_column width=&#8221;1\/2&#8243;][vc_single_image image=&#8221;1226&#8243; img_size=&#8221;FULL&#8221; alignment=&#8221;center&#8221; css=&#8221;&#8221;][\/vc_column][vc_column width=&#8221;1\/2&#8243;][vc_column_text css=&#8221;&#8221;] Este sistema es ideal para clientes que desean proyectar una imagen empresarial s\u00f3lida, profesional y completamente personalizada. Los stands custom se dise\u00f1an a medida, como un traje exclusivo que responde a las necesidades, preferencias y objetivos de [&hellip;]\" \/>\n<meta property=\"og:url\" content=\"https:\/\/circuloars.com.mx\/index.php\/stands-ars\/\" \/>\n<meta property=\"article:modified_time\" content=\"2025-07-22T01:57:26+00:00\" \/>\n<meta name=\"twitter:card\" content=\"summary_large_image\" \/>\n<meta name=\"twitter:label1\" content=\"Tiempo de lectura\" \/>\n\t<meta name=\"twitter:data1\" content=\"3 minutos\" \/>\n<script type=\"application\/ld+json\" class=\"yoast-schema-graph\">{\"@context\":\"https:\/\/schema.org\",\"@graph\":[{\"@type\":\"WebPage\",\"@id\":\"https:\/\/circuloars.com.mx\/index.php\/stands-ars\/\",\"url\":\"https:\/\/circuloars.com.mx\/index.php\/stands-ars\/\",\"name\":\"Stand Custom -\",\"isPartOf\":{\"@id\":\"https:\/\/circuloars.com.mx\/#website\"},\"datePublished\":\"2025-07-16T06:59:29+00:00\",\"dateModified\":\"2025-07-22T01:57:26+00:00\",\"breadcrumb\":{\"@id\":\"https:\/\/circuloars.com.mx\/index.php\/stands-ars\/#breadcrumb\"},\"inLanguage\":\"es\",\"potentialAction\":[{\"@type\":\"ReadAction\",\"target\":[\"https:\/\/circuloars.com.mx\/index.php\/stands-ars\/\"]}]},{\"@type\":\"BreadcrumbList\",\"@id\":\"https:\/\/circuloars.com.mx\/index.php\/stands-ars\/#breadcrumb\",\"itemListElement\":[{\"@type\":\"ListItem\",\"position\":1,\"name\":\"Inicio\",\"item\":\"https:\/\/circuloars.com.mx\/\"},{\"@type\":\"ListItem\",\"position\":2,\"name\":\"Stand Custom\"}]},{\"@type\":\"WebSite\",\"@id\":\"https:\/\/circuloars.com.mx\/#website\",\"url\":\"https:\/\/circuloars.com.mx\/\",\"name\":\"\",\"description\":\"\",\"potentialAction\":[{\"@type\":\"SearchAction\",\"target\":{\"@type\":\"EntryPoint\",\"urlTemplate\":\"https:\/\/circuloars.com.mx\/?s={search_term_string}\"},\"query-input\":{\"@type\":\"PropertyValueSpecification\",\"valueRequired\":true,\"valueName\":\"search_term_string\"}}],\"inLanguage\":\"es\"}]}<\/script>\n<!-- \/ Yoast SEO Premium plugin. -->","yoast_head_json":{"title":"Stand Custom -","robots":{"index":"index","follow":"follow","max-snippet":"max-snippet:-1","max-image-preview":"max-image-preview:large","max-video-preview":"max-video-preview:-1"},"canonical":"https:\/\/circuloars.com.mx\/index.php\/stands-ars\/","og_locale":"es_MX","og_type":"article","og_title":"Stand Custom","og_description":"[vc_row full_height=&#8221;s\u00ed&#8221; columns_placement=&#8221;arriba&#8221;][vc_column][\/vc_column][\/vc_row][vc_row full_width=&#8221;stretch_row_content_no_spaces&#8221; bg_type=&#8221;bg_color&#8221; bg_color_value=&#8221;#000C69&#8243;][vc_column][vc_column_text css=&#8221;&#8221;] Sistema Custom [\/vc_column_text][\/vc_column][\/vc_row][vc_row bg_type=&#8221;imagen&#8221;][vc_column width=&#8221;1\/2&#8243;][vc_single_image image=&#8221;1226&#8243; img_size=&#8221;FULL&#8221; alignment=&#8221;center&#8221; css=&#8221;&#8221;][\/vc_column][vc_column width=&#8221;1\/2&#8243;][vc_column_text css=&#8221;&#8221;] Este sistema es ideal para clientes que desean proyectar una imagen empresarial s\u00f3lida, profesional y completamente personalizada. Los stands custom se dise\u00f1an a medida, como un traje exclusivo que responde a las necesidades, preferencias y objetivos de [&hellip;]","og_url":"https:\/\/circuloars.com.mx\/index.php\/stands-ars\/","article_modified_time":"2025-07-22T01:57:26+00:00","twitter_card":"summary_large_image","twitter_misc":{"Tiempo de lectura":"3 minutos"},"schema":{"@context":"https:\/\/schema.org","@graph":[{"@type":"WebPage","@id":"https:\/\/circuloars.com.mx\/index.php\/stands-ars\/","url":"https:\/\/circuloars.com.mx\/index.php\/stands-ars\/","name":"Stand Custom -","isPartOf":{"@id":"https:\/\/circuloars.com.mx\/#website"},"datePublished":"2025-07-16T06:59:29+00:00","dateModified":"2025-07-22T01:57:26+00:00","breadcrumb":{"@id":"https:\/\/circuloars.com.mx\/index.php\/stands-ars\/#breadcrumb"},"inLanguage":"es","potentialAction":[{"@type":"ReadAction","target":["https:\/\/circuloars.com.mx\/index.php\/stands-ars\/"]}]},{"@type":"BreadcrumbList","@id":"https:\/\/circuloars.com.mx\/index.php\/stands-ars\/#breadcrumb","itemListElement":[{"@type":"ListItem","position":1,"name":"Inicio","item":"https:\/\/circuloars.com.mx\/"},{"@type":"ListItem","position":2,"name":"Stand Custom"}]},{"@type":"WebSite","@id":"https:\/\/circuloars.com.mx\/#website","url":"https:\/\/circuloars.com.mx\/","name":"","description":"","potentialAction":[{"@type":"SearchAction","target":{"@type":"EntryPoint","urlTemplate":"https:\/\/circuloars.com.mx\/?s={search_term_string}"},"query-input":{"@type":"PropertyValueSpecification","valueRequired":true,"valueName":"search_term_string"}}],"inLanguage":"es"}]}},"_links":{"self":[{"href":"https:\/\/circuloars.com.mx\/index.php\/wp-json\/wp\/v2\/pages\/1193","targetHints":{"allow":["GET"]}}],"collection":[{"href":"https:\/\/circuloars.com.mx\/index.php\/wp-json\/wp\/v2\/pages"}],"about":[{"href":"https:\/\/circuloars.com.mx\/index.php\/wp-json\/wp\/v2\/types\/page"}],"author":[{"embeddable":true,"href":"https:\/\/circuloars.com.mx\/index.php\/wp-json\/wp\/v2\/users\/1"}],"replies":[{"embeddable":true,"href":"https:\/\/circuloars.com.mx\/index.php\/wp-json\/wp\/v2\/comments?post=1193"}],"version-history":[{"count":89,"href":"https:\/\/circuloars.com.mx\/index.php\/wp-json\/wp\/v2\/pages\/1193\/revisions"}],"predecessor-version":[{"id":1334,"href":"https:\/\/circuloars.com.mx\/index.php\/wp-json\/wp\/v2\/pages\/1193\/revisions\/1334"}],"wp:attachment":[{"href":"https:\/\/circuloars.com.mx\/index.php\/wp-json\/wp\/v2\/media?parent=1193"}],"curies":[{"name":"wp","href":"https:\/\/api.w.org\/{rel}","templated":true}]}}